{"id":967,"date":"2024-03-21T10:32:36","date_gmt":"2024-03-21T03:32:36","guid":{"rendered":"https:\/\/www.pcru.ac.th\/eng\/?page_id=967"},"modified":"2024-03-21T10:32:37","modified_gmt":"2024-03-21T03:32:37","slug":"international-memberships","status":"publish","type":"page","link":"https:\/\/www.pcru.ac.th\/eng\/international-memberships\/","title":{"rendered":"International Memberships"},"content":{"rendered":"\n<p>1) East Asia Academic Cooperation Council (EACC)<\/p>\n\n\n\n<p>2) Forum Mondial HERACLES<\/p>\n\n\n\n<p>3) AsiaEngage<\/p>\n\n\n\n<p>4) The Association of Universities of Asia and the Pacific (AUAP)<\/p>\n\n\n\n<p>5) ASEAN-European Academic University Partnership Network (ASEA-UNINET)<\/p>\n\n\n\n<p>6) Agence Universitaire de la Francophonie&nbsp; (AUF)<\/p>\n\n\n\n<p>7) Conf\u00e9rence r\u00e9gionale des Recteurs des Universit\u00e9s membres de l\u2019Agence universitaire de la Francophonie en Asie-Pacifique (CONFRASIE)<\/p>\n\n\n\n<p>8) The Association of Southeast Asian Institutions of Higher Learning (ASAIHL)<\/p>\n\n\n\n<p>9) AUN-QA<\/p>\n\n\n\n<p>10) Asia Pacific Higher Education Research Partnership (APHERP)<\/p>\n\n\n\n<p>11) The Consortium for Globalization of Chinese Medicine (CGCM)<\/p>\n\n\n\n<p>12) Asia Pacific University- Community Engagement Network (APUCEN) Institutional Member<\/p>\n\n\n\n<p>13) ASEAN University Network \u2013 Health Promotion Network (AUN-HPN)<\/p>\n","protected":false},"excerpt":{"rendered":"<p>1) East Asia Academic Cooperation Council (EACC) 2) Forum Mondial HERACLES 3) AsiaEngage 4) The Association of Universities of Asia and the Pacific (AUAP) 5) ASEAN-European Academic University Partnership Network (ASEA-UNINET) 6) Agence Universitaire de la Francophonie&nbsp; (AUF) 7) Conf\u00e9rence r\u00e9gionale des Recteurs des Universit\u00e9s membres de l\u2019Agence universitaire de la Francophonie en Asie-Pacifique (CONFRASIE) [&hellip;]<\/p>\n","protected":false},"author":2,"featured_media":0,"parent":0,"menu_order":0,"comment_status":"closed","ping_status":"closed","template":"","meta":{"_monsterinsights_skip_tracking":false,"_monsterinsights_sitenote_active":false,"_monsterinsights_sitenote_note":"","_monsterinsights_sitenote_category":0,"footnotes":"","_vp_format_video_url":"","_vp_image_focal_point":[]},"aioseo_notices":[],"_links":{"self":[{"href":"https:\/\/www.pcru.ac.th\/eng\/wp-json\/wp\/v2\/pages\/967"}],"collection":[{"href":"https:\/\/www.pcru.ac.th\/eng\/wp-json\/wp\/v2\/pages"}],"about":[{"href":"https:\/\/www.pcru.ac.th\/eng\/wp-json\/wp\/v2\/types\/page"}],"author":[{"embeddable":true,"href":"https:\/\/www.pcru.ac.th\/eng\/wp-json\/wp\/v2\/users\/2"}],"replies":[{"embeddable":true,"href":"https:\/\/www.pcru.ac.th\/eng\/wp-json\/wp\/v2\/comments?post=967"}],"version-history":[{"count":1,"href":"https:\/\/www.pcru.ac.th\/eng\/wp-json\/wp\/v2\/pages\/967\/revisions"}],"predecessor-version":[{"id":968,"href":"https:\/\/www.pcru.ac.th\/eng\/wp-json\/wp\/v2\/pages\/967\/revisions\/968"}],"wp:attachment":[{"href":"https:\/\/www.pcru.ac.th\/eng\/wp-json\/wp\/v2\/media?parent=967"}],"curies":[{"name":"wp","href":"https:\/\/api.w.org\/{rel}","templated":true}]}}